{"id":247249,"date":"2026-04-13T14:33:14","date_gmt":"2026-04-13T13:33:14","guid":{"rendered":"https:\/\/transparencia.cuimpb.cat\/?page_id=247249"},"modified":"2026-04-13T18:15:13","modified_gmt":"2026-04-13T17:15:13","slug":"canal-denuncies","status":"publish","type":"page","link":"https:\/\/transparencia.cuimpb.cat\/canaldenuncies\/","title":{"rendered":"Canal den\u00fancies"},"content":{"rendered":"<p>[et_pb_section fb_built=&#8221;1&#8243; _builder_version=&#8221;4.22.1&#8243; _module_preset=&#8221;default&#8221; background_color=&#8221;#AF272F&#8221; background_enable_image=&#8221;off&#8221; background_blend=&#8221;multiply&#8221; background_enable_pattern_style=&#8221;on&#8221; background_pattern_style=&#8221;scallops&#8221; background_pattern_size=&#8221;custom&#8221; background_pattern_width=&#8221;10px&#8221; background_pattern_height=&#8221;10px&#8221; global_module=&#8221;246296&#8243; saved_tabs=&#8221;all&#8221; global_colors_info=&#8221;{}&#8221;][et_pb_row _builder_version=&#8221;4.27.4&#8243; _module_preset=&#8221;default&#8221; module_alignment=&#8221;center&#8221; custom_margin=&#8221;|403px||auto||&#8221; custom_padding=&#8221;||3px|||&#8221; global_colors_info=&#8221;{}&#8221;][et_pb_column type=&#8221;4_4&#8243; _builder_version=&#8221;4.22.1&#8243; _module_preset=&#8221;default&#8221; global_colors_info=&#8221;{}&#8221;][et_pb_text module_class=&#8221;es-snippet&#8221; _builder_version=&#8221;4.23&#8243; _module_preset=&#8221;default&#8221; header_font=&#8221;|600||on|||||&#8221; header_6_text_align=&#8221;center&#8221; header_6_text_color=&#8221;#D98289&#8243; custom_margin=&#8221;||0px||false|false&#8221; custom_padding=&#8221;||0px||false|false&#8221; global_colors_info=&#8221;{}&#8221;]<\/p>\n<h6>Transparencia<\/h6>\n<p>[\/et_pb_text][et_pb_text module_class=&#8221;ca-snippet&#8221; _builder_version=&#8221;4.23&#8243; _module_preset=&#8221;default&#8221; header_font=&#8221;|600||on|||||&#8221; header_6_text_align=&#8221;center&#8221; header_6_text_color=&#8221;#D98289&#8243; custom_margin=&#8221;||0px||false|false&#8221; custom_padding=&#8221;||0px||false|false&#8221; global_colors_info=&#8221;{}&#8221;]<\/p>\n<h6>Transpar\u00e8ncia<\/h6>\n<p>[\/et_pb_text][et_pb_post_title meta=&#8221;off&#8221; featured_image=&#8221;off&#8221; _builder_version=&#8221;4.22.1&#8243; _module_preset=&#8221;default&#8221; title_font=&#8221;|||on|||||&#8221; title_text_color=&#8221;#FFFFFF&#8221; title_font_size=&#8221;42px&#8221; text_orientation=&#8221;center&#8221; custom_margin=&#8221;0px||0px||true|false&#8221; custom_padding=&#8221;0px||0px||true|false&#8221; global_colors_info=&#8221;{}&#8221;][\/et_pb_post_title][et_pb_text _builder_version=&#8221;4.27.4&#8243; _dynamic_attributes=&#8221;content&#8221; _module_preset=&#8221;default&#8221; text_text_color=&#8221;#FFFFFF&#8221; text_orientation=&#8221;center&#8221; width=&#8221;50%&#8221; width_tablet=&#8221;70%&#8221; width_phone=&#8221;90%&#8221; width_last_edited=&#8221;on|phone&#8221; module_alignment=&#8221;center&#8221; global_colors_info=&#8221;{}&#8221;]@ET-DC@eyJkeW5hbWljIjp0cnVlLCJjb250ZW50IjoicG9zdF9leGNlcnB0Iiwic2V0dGluZ3MiOnsiYmVmb3JlIjoiIiwiYWZ0ZXIiOiIiLCJ3b3JkcyI6IiIsInJlYWRfbW9yZV9sYWJlbCI6IiJ9fQ==@[\/et_pb_text][\/et_pb_column][\/et_pb_row][\/et_pb_section][et_pb_section fb_built=&#8221;1&#8243; _builder_version=&#8221;4.27.6&#8243; _module_preset=&#8221;default&#8221; global_colors_info=&#8221;{}&#8221;][et_pb_row column_structure=&#8221;1_2,1_2&#8243; make_equal=&#8221;on&#8221; _builder_version=&#8221;4.27.6&#8243; _module_preset=&#8221;default&#8221; global_colors_info=&#8221;{}&#8221;][et_pb_column type=&#8221;1_2&#8243; _builder_version=&#8221;4.27.6&#8243; _module_preset=&#8221;default&#8221; global_colors_info=&#8221;{}&#8221;][et_pb_text _builder_version=&#8221;4.27.6&#8243; _module_preset=&#8221;default&#8221; global_colors_info=&#8221;{}&#8221;]<\/p>\n<p><em>(Canal \u00e8tic i de comunicacions internes)<\/em><\/p>\n<p>El <strong>CUIMPB \u2013 Centre Ernest Lluch<\/strong>\u00a0posa a disposici\u00f3 de totes les persones un <strong>Canal de den\u00fancies<\/strong> amb la finalitat de facilitar la comunicaci\u00f3 segura i confidencial de possibles irregularitats, infraccions normatives o conductes indegudes que puguin produir-se en el si de l\u2019organitzaci\u00f3.<\/p>\n<p>Aquest canal s\u2019ajusta al que estableix la <strong>Llei 2\/2023, de protecci\u00f3 de les persones informants<\/strong>, la <strong>Directiva (UE) 2019\/1937<\/strong> i la normativa vigent en mat\u00e8ria de <strong>protecci\u00f3 de dades personals<\/strong>.<\/p>\n<p>[\/et_pb_text][\/et_pb_column][et_pb_column type=&#8221;1_2&#8243; _builder_version=&#8221;4.27.6&#8243; _module_preset=&#8221;default&#8221; global_colors_info=&#8221;{}&#8221;][et_pb_text _builder_version=&#8221;4.27.6&#8243; _module_preset=&#8221;default&#8221; positioning=&#8221;absolute&#8221; position_origin_a=&#8221;center_center&#8221; width=&#8221;100%&#8221; hover_enabled=&#8221;0&#8243; global_colors_info=&#8221;{}&#8221; sticky_enabled=&#8221;0&#8243;]                <div class=\"wbls-front-buttons-container\">\r\n                    <span class=\"wbls-new-case-button\">Presentar una den\u00fancia<\/span>\r\n                    <span class=\"wbls-followup-button\">Seguir una den\u00fancia<\/span>\r\n                    <span><\/span>\r\n                <\/div>\r\n                [\/et_pb_text][\/et_pb_column][\/et_pb_row][et_pb_row column_structure=&#8221;1_2,1_2&#8243; _builder_version=&#8221;4.27.6&#8243; _module_preset=&#8221;default&#8221; background_color=&#8221;#F2F2F2&#8243; custom_padding=&#8221;20px|20px|20px|20px|true|true&#8221; border_radii=&#8221;on|10px|10px|10px|10px&#8221; global_colors_info=&#8221;{}&#8221;][et_pb_column type=&#8221;1_2&#8243; _builder_version=&#8221;4.27.6&#8243; _module_preset=&#8221;default&#8221; global_colors_info=&#8221;{}&#8221;][et_pb_text _builder_version=&#8221;4.27.6&#8243; _module_preset=&#8221;default&#8221; custom_margin=&#8221;1px|||||&#8221; global_colors_info=&#8221;{}&#8221;]<\/p>\n<h5>Qui pot utilitzar aquest canal?<\/h5>\n<p>Aquest canal pot ser utilitzat per:<\/p>\n<ul>\n<li>Personal treballador.<\/li>\n<li>Col\u00b7laboradors\/es.<\/li>\n<li>Prove\u00efdors i contractistes.<\/li>\n<li>Antic personal.<\/li>\n<li>Qualsevol tercera persona que tingui coneixement de fets relacionats amb CUIMPB.<\/li>\n<\/ul>\n<p>[\/et_pb_text][\/et_pb_column][et_pb_column type=&#8221;1_2&#8243; _builder_version=&#8221;4.27.6&#8243; _module_preset=&#8221;default&#8221; global_colors_info=&#8221;{}&#8221;][et_pb_text _builder_version=&#8221;4.27.6&#8243; _module_preset=&#8221;default&#8221; global_colors_info=&#8221;{}&#8221;]<\/p>\n<p><span style=\"color: #131218; font-family: Lato, Helvetica, Arial, Lucida, sans-serif; font-size: 24px; font-weight: 600;\">Quines comunicacions es poden fer?<\/span><\/p>\n<p>Mitjan\u00e7ant aquest canal es poden comunicar, entre d\u2019altres:<\/p>\n<ul>\n<li>Infraccions legals o normatives.<\/li>\n<li>Conductes contr\u00e0ries a l\u2019\u00e8tica o als principis de bona governan\u00e7a.<\/li>\n<li>Irregularitats administratives o econ\u00f2miques.<\/li>\n<li>Vulneracions de drets fonamentals.<\/li>\n<li>Qualsevol fet greu que pugui afectar el bon funcionament de l\u2019entitat.<\/li>\n<\/ul>\n<p>[\/et_pb_text][\/et_pb_column][\/et_pb_row][et_pb_row _builder_version=&#8221;4.27.6&#8243; _module_preset=&#8221;default&#8221; custom_padding=&#8221;0px|||||&#8221; global_colors_info=&#8221;{}&#8221;][et_pb_column type=&#8221;4_4&#8243; _builder_version=&#8221;4.27.6&#8243; _module_preset=&#8221;default&#8221; global_colors_info=&#8221;{}&#8221;][et_pb_text _builder_version=&#8221;4.27.6&#8243; _module_preset=&#8221;default&#8221; custom_margin=&#8221;1px|||||&#8221; global_colors_info=&#8221;{}&#8221;]<\/p>\n<p style=\"text-align: center;\">Aquest canal no substitueix altres mecanismes administratius o judicials quan sigui procedent.<\/p>\n<p style=\"text-align: center;\">\n<h5>Confidencialitat i anonimat<\/h5>\n<ul>\n<li>Les comunicacions poden fer-se <strong>de manera an\u00f2nima<\/strong>.<\/li>\n<li>Es garanteix la <strong>confidencialitat absoluta<\/strong> de la identitat de la persona informant, aix\u00ed com de les persones afectades.<\/li>\n<li>Nom\u00e9s hi tindr\u00e0 acc\u00e9s el <strong>personal autoritzat<\/strong> responsable de la gesti\u00f3 del canal.<\/li>\n<\/ul>\n<h5>Procediment i seguiment<\/h5>\n<ul>\n<li>Un cop enviada la comunicaci\u00f3, es generar\u00e0 un <strong>codi de seguiment<\/strong> que permetr\u00e0 a la persona informant consultar l\u2019estat de la seva comunicaci\u00f3 i, si escau, mantenir comunicaci\u00f3 amb la persona o unitat gestora.<\/li>\n<li>La informaci\u00f3 es tractar\u00e0 amb dilig\u00e8ncia, imparcialitat i respecte als drets de totes les parts implicades.<\/li>\n<li>Es donar\u00e0 resposta en els <strong>terminis legalment establerts<\/strong>, sempre que les circumst\u00e0ncies ho permetin.<\/li>\n<\/ul>\n<h5>Tractament de dades personals<\/h5>\n<p>De conformitat amb el <strong>Reglament (UE) 2016\/679 (RGPD)<\/strong> i la <strong>LOPDGDD<\/strong>, les dades personals facilitades a trav\u00e9s del Canal de den\u00fancies seran tractades exclusivament amb la finalitat de gestionar i investigar la comunicaci\u00f3 rebuda.<\/p>\n<p style=\"padding-left: 40px;\"><strong>Responsable del tractament<\/strong><\/p>\n<p style=\"padding-left: 40px;\"><strong>CUIMPB \u2013 Centre Ernest Lluch<\/strong><br \/>NIF: <strong>P5800042C<\/strong><br \/>Domicili: <strong>c\/ Montalegre, 5-7, 08001 Barcelona<\/strong><br \/>Web: https:\/\/cuimpb.cat<\/p>\n<h5>Base jur\u00eddica<\/h5>\n<ul>\n<li>Compliment d\u2019una <strong>obligaci\u00f3 legal<\/strong> (art. 6.1.c RGPD)<\/li>\n<li>Inter\u00e8s p\u00fablic i prevenci\u00f3 d\u2019infraccions (art. 6.1.e RGPD)<\/li>\n<\/ul>\n<h5>Conservaci\u00f3 de les dades<\/h5>\n<p>Les dades es conservaran <strong>\u00fanicament durant el temps imprescindible<\/strong> per a la investigaci\u00f3 dels fets i, en tot cas, d\u2019acord amb els terminis previstos a la normativa aplicable. Un cop finalitzat el procediment, seran eliminades o degudament anonimitzades.<\/p>\n<h5>Drets de les persones interessades<\/h5>\n<p>Les persones interessades poden exercir els drets d\u2019acc\u00e9s, rectificaci\u00f3, supressi\u00f3, limitaci\u00f3 i oposici\u00f3 mitjan\u00e7ant sol\u00b7licitud escrita adre\u00e7ada al responsable del tractament, sense perjudici de les limitacions que puguin ser aplicables per no comprometre la investigaci\u00f3.<\/p>\n<h5>\u00das responsable del canal<\/h5>\n<p>L\u2019\u00fas del Canal de den\u00fancies ha de fer-se <strong>de bona fe<\/strong>. Les comunicacions falses, deliberadament enganyoses o realitzades amb mala fe poden donar lloc a responsabilitats disciplin\u00e0ries o legals.<\/p>\n<p>[\/et_pb_text][\/et_pb_column][\/et_pb_row][\/et_pb_section]<\/p>\n","protected":false},"excerpt":{"rendered":"<p>TransparenciaTranspar\u00e8ncia(Canal \u00e8tic i de comunicacions internes) El CUIMPB \u2013 Centre Ernest Lluch\u00a0posa a disposici\u00f3 de totes les persones un Canal de den\u00fancies amb la finalitat de facilitar la comunicaci\u00f3 segura i confidencial de possibles irregularitats, infraccions normatives o conductes indegudes que puguin produir-se en el si de l\u2019organitzaci\u00f3. Aquest canal s\u2019ajusta al que estableix la [&hellip;]<\/p>\n","protected":false},"author":1,"featured_media":0,"parent":0,"menu_order":0,"comment_status":"closed","ping_status":"closed","template":"","meta":{"_et_pb_use_builder":"on","_et_pb_old_content":"","_et_gb_content_width":"","inline_featured_image":false,"footnotes":""},"class_list":["post-247249","page","type-page","status-publish","hentry"],"yoast_head":"<!-- This site is optimized with the Yoast SEO plugin v27.5 - https:\/\/yoast.com\/product\/yoast-seo-wordpress\/ -->\n<title>Canal den\u00fancies - CUIMPB Canal den\u00fancies<\/title>\n<meta name=\"robots\" content=\"index, follow, max-snippet:-1, max-image-preview:large, max-video-preview:-1\" \/>\n<link rel=\"canonical\" href=\"https:\/\/transparencia.cuimpb.cat\/canaldenuncies\/\" \/>\n<meta property=\"og:locale\" content=\"ca_ES\" \/>\n<meta property=\"og:type\" content=\"article\" \/>\n<meta property=\"og:title\" content=\"Canal den\u00fancies - CUIMPB Canal den\u00fancies\" \/>\n<meta property=\"og:description\" content=\"TransparenciaTranspar\u00e8ncia(Canal \u00e8tic i de comunicacions internes) El CUIMPB \u2013 Centre Ernest Lluch\u00a0posa a disposici\u00f3 de totes les persones un Canal de den\u00fancies amb la finalitat de facilitar la comunicaci\u00f3 segura i confidencial de possibles irregularitats, infraccions normatives o conductes indegudes que puguin produir-se en el si de l\u2019organitzaci\u00f3. Aquest canal s\u2019ajusta al que estableix la [&hellip;]\" \/>\n<meta property=\"og:url\" content=\"https:\/\/transparencia.cuimpb.cat\/canaldenuncies\/\" \/>\n<meta property=\"og:site_name\" content=\"CUIMPB Canal den\u00fancies\" \/>\n<meta property=\"article:publisher\" content=\"https:\/\/www.facebook.com\/cuimpbcel\" \/>\n<meta property=\"article:modified_time\" content=\"2026-04-13T17:15:13+00:00\" \/>\n<meta name=\"twitter:card\" content=\"summary_large_image\" \/>\n<meta name=\"twitter:site\" content=\"@cuimpb1\" \/>\n<script type=\"application\/ld+json\" class=\"yoast-schema-graph\">{\"@context\":\"https:\\\/\\\/schema.org\",\"@graph\":[{\"@type\":\"WebPage\",\"@id\":\"https:\\\/\\\/transparencia.cuimpb.cat\\\/canaldenuncies\\\/\",\"url\":\"https:\\\/\\\/transparencia.cuimpb.cat\\\/canaldenuncies\\\/\",\"name\":\"Canal den\u00fancies - CUIMPB Canal den\u00fancies\",\"isPartOf\":{\"@id\":\"https:\\\/\\\/transparencia.cuimpb.cat\\\/canaldenuncies\\\/#website\"},\"datePublished\":\"2026-04-13T13:33:14+00:00\",\"dateModified\":\"2026-04-13T17:15:13+00:00\",\"breadcrumb\":{\"@id\":\"https:\\\/\\\/transparencia.cuimpb.cat\\\/canaldenuncies\\\/#breadcrumb\"},\"inLanguage\":\"ca\",\"potentialAction\":[{\"@type\":\"ReadAction\",\"target\":[\"https:\\\/\\\/transparencia.cuimpb.cat\\\/canaldenuncies\\\/\"]}]},{\"@type\":\"BreadcrumbList\",\"@id\":\"https:\\\/\\\/transparencia.cuimpb.cat\\\/canaldenuncies\\\/#breadcrumb\",\"itemListElement\":[{\"@type\":\"ListItem\",\"position\":1,\"name\":\"Inici\",\"item\":\"https:\\\/\\\/transparencia.cuimpb.cat\\\/canaldenuncies\\\/\"},{\"@type\":\"ListItem\",\"position\":2,\"name\":\"Canal den\u00fancies\"}]},{\"@type\":\"WebSite\",\"@id\":\"https:\\\/\\\/transparencia.cuimpb.cat\\\/canaldenuncies\\\/#website\",\"url\":\"https:\\\/\\\/transparencia.cuimpb.cat\\\/canaldenuncies\\\/\",\"name\":\"CUIMPB Canal den\u00fancies\",\"description\":\"CUIMPB Transpar\u00e8ncia\",\"publisher\":{\"@id\":\"https:\\\/\\\/transparencia.cuimpb.cat\\\/canaldenuncies\\\/#organization\"},\"potentialAction\":[{\"@type\":\"SearchAction\",\"target\":{\"@type\":\"EntryPoint\",\"urlTemplate\":\"https:\\\/\\\/transparencia.cuimpb.cat\\\/canaldenuncies\\\/?s={search_term_string}\"},\"query-input\":{\"@type\":\"PropertyValueSpecification\",\"valueRequired\":true,\"valueName\":\"search_term_string\"}}],\"inLanguage\":\"ca\"},{\"@type\":\"Organization\",\"@id\":\"https:\\\/\\\/transparencia.cuimpb.cat\\\/canaldenuncies\\\/#organization\",\"name\":\"CUIMPB Canal den\u00fancies\",\"url\":\"https:\\\/\\\/transparencia.cuimpb.cat\\\/canaldenuncies\\\/\",\"logo\":{\"@type\":\"ImageObject\",\"inLanguage\":\"ca\",\"@id\":\"https:\\\/\\\/transparencia.cuimpb.cat\\\/canaldenuncies\\\/#\\\/schema\\\/logo\\\/image\\\/\",\"url\":\"https:\\\/\\\/transparencia.cuimpb.cat\\\/canaldenuncies\\\/wp-content\\\/uploads\\\/2023\\\/05\\\/logo_cuimpb_vector.svg\",\"contentUrl\":\"https:\\\/\\\/transparencia.cuimpb.cat\\\/canaldenuncies\\\/wp-content\\\/uploads\\\/2023\\\/05\\\/logo_cuimpb_vector.svg\",\"width\":859,\"height\":253,\"caption\":\"CUIMPB Canal den\u00fancies\"},\"image\":{\"@id\":\"https:\\\/\\\/transparencia.cuimpb.cat\\\/canaldenuncies\\\/#\\\/schema\\\/logo\\\/image\\\/\"},\"sameAs\":[\"https:\\\/\\\/www.facebook.com\\\/cuimpbcel\",\"https:\\\/\\\/x.com\\\/cuimpb1\",\"https:\\\/\\\/vimeo.com\\\/user29783258\",\"https:\\\/\\\/www.youtube.com\\\/channel\\\/UCUhxxFjUsnORjiKAWpVl9_Q\"]}]}<\/script>\n<!-- \/ Yoast SEO plugin. -->","yoast_head_json":{"title":"Canal den\u00fancies - CUIMPB Canal den\u00fancies","robots":{"index":"index","follow":"follow","max-snippet":"max-snippet:-1","max-image-preview":"max-image-preview:large","max-video-preview":"max-video-preview:-1"},"canonical":"https:\/\/transparencia.cuimpb.cat\/canaldenuncies\/","og_locale":"ca_ES","og_type":"article","og_title":"Canal den\u00fancies - CUIMPB Canal den\u00fancies","og_description":"TransparenciaTranspar\u00e8ncia(Canal \u00e8tic i de comunicacions internes) El CUIMPB \u2013 Centre Ernest Lluch\u00a0posa a disposici\u00f3 de totes les persones un Canal de den\u00fancies amb la finalitat de facilitar la comunicaci\u00f3 segura i confidencial de possibles irregularitats, infraccions normatives o conductes indegudes que puguin produir-se en el si de l\u2019organitzaci\u00f3. Aquest canal s\u2019ajusta al que estableix la [&hellip;]","og_url":"https:\/\/transparencia.cuimpb.cat\/canaldenuncies\/","og_site_name":"CUIMPB Canal den\u00fancies","article_publisher":"https:\/\/www.facebook.com\/cuimpbcel","article_modified_time":"2026-04-13T17:15:13+00:00","twitter_card":"summary_large_image","twitter_site":"@cuimpb1","schema":{"@context":"https:\/\/schema.org","@graph":[{"@type":"WebPage","@id":"https:\/\/transparencia.cuimpb.cat\/canaldenuncies\/","url":"https:\/\/transparencia.cuimpb.cat\/canaldenuncies\/","name":"Canal den\u00fancies - CUIMPB Canal den\u00fancies","isPartOf":{"@id":"https:\/\/transparencia.cuimpb.cat\/canaldenuncies\/#website"},"datePublished":"2026-04-13T13:33:14+00:00","dateModified":"2026-04-13T17:15:13+00:00","breadcrumb":{"@id":"https:\/\/transparencia.cuimpb.cat\/canaldenuncies\/#breadcrumb"},"inLanguage":"ca","potentialAction":[{"@type":"ReadAction","target":["https:\/\/transparencia.cuimpb.cat\/canaldenuncies\/"]}]},{"@type":"BreadcrumbList","@id":"https:\/\/transparencia.cuimpb.cat\/canaldenuncies\/#breadcrumb","itemListElement":[{"@type":"ListItem","position":1,"name":"Inici","item":"https:\/\/transparencia.cuimpb.cat\/canaldenuncies\/"},{"@type":"ListItem","position":2,"name":"Canal den\u00fancies"}]},{"@type":"WebSite","@id":"https:\/\/transparencia.cuimpb.cat\/canaldenuncies\/#website","url":"https:\/\/transparencia.cuimpb.cat\/canaldenuncies\/","name":"CUIMPB Canal den\u00fancies","description":"CUIMPB Transpar\u00e8ncia","publisher":{"@id":"https:\/\/transparencia.cuimpb.cat\/canaldenuncies\/#organization"},"potentialAction":[{"@type":"SearchAction","target":{"@type":"EntryPoint","urlTemplate":"https:\/\/transparencia.cuimpb.cat\/canaldenuncies\/?s={search_term_string}"},"query-input":{"@type":"PropertyValueSpecification","valueRequired":true,"valueName":"search_term_string"}}],"inLanguage":"ca"},{"@type":"Organization","@id":"https:\/\/transparencia.cuimpb.cat\/canaldenuncies\/#organization","name":"CUIMPB Canal den\u00fancies","url":"https:\/\/transparencia.cuimpb.cat\/canaldenuncies\/","logo":{"@type":"ImageObject","inLanguage":"ca","@id":"https:\/\/transparencia.cuimpb.cat\/canaldenuncies\/#\/schema\/logo\/image\/","url":"https:\/\/transparencia.cuimpb.cat\/canaldenuncies\/wp-content\/uploads\/2023\/05\/logo_cuimpb_vector.svg","contentUrl":"https:\/\/transparencia.cuimpb.cat\/canaldenuncies\/wp-content\/uploads\/2023\/05\/logo_cuimpb_vector.svg","width":859,"height":253,"caption":"CUIMPB Canal den\u00fancies"},"image":{"@id":"https:\/\/transparencia.cuimpb.cat\/canaldenuncies\/#\/schema\/logo\/image\/"},"sameAs":["https:\/\/www.facebook.com\/cuimpbcel","https:\/\/x.com\/cuimpb1","https:\/\/vimeo.com\/user29783258","https:\/\/www.youtube.com\/channel\/UCUhxxFjUsnORjiKAWpVl9_Q"]}]}},"_links":{"self":[{"href":"https:\/\/transparencia.cuimpb.cat\/canaldenuncies\/wp-json\/wp\/v2\/pages\/247249","targetHints":{"allow":["GET"]}}],"collection":[{"href":"https:\/\/transparencia.cuimpb.cat\/canaldenuncies\/wp-json\/wp\/v2\/pages"}],"about":[{"href":"https:\/\/transparencia.cuimpb.cat\/canaldenuncies\/wp-json\/wp\/v2\/types\/page"}],"author":[{"embeddable":true,"href":"https:\/\/transparencia.cuimpb.cat\/canaldenuncies\/wp-json\/wp\/v2\/users\/1"}],"replies":[{"embeddable":true,"href":"https:\/\/transparencia.cuimpb.cat\/canaldenuncies\/wp-json\/wp\/v2\/comments?post=247249"}],"version-history":[{"count":17,"href":"https:\/\/transparencia.cuimpb.cat\/canaldenuncies\/wp-json\/wp\/v2\/pages\/247249\/revisions"}],"predecessor-version":[{"id":247305,"href":"https:\/\/transparencia.cuimpb.cat\/canaldenuncies\/wp-json\/wp\/v2\/pages\/247249\/revisions\/247305"}],"wp:attachment":[{"href":"https:\/\/transparencia.cuimpb.cat\/canaldenuncies\/wp-json\/wp\/v2\/media?parent=247249"}],"curies":[{"name":"wp","href":"https:\/\/api.w.org\/{rel}","templated":true}]}}