{"id":247287,"date":"2026-04-13T17:31:35","date_gmt":"2026-04-13T16:31:35","guid":{"rendered":"https:\/\/transparencia.cuimpb.cat\/?page_id=247287"},"modified":"2026-04-13T18:14:46","modified_gmt":"2026-04-13T17:14:46","slug":"canal-denuncias","status":"publish","type":"page","link":"https:\/\/transparencia.cuimpb.cat\/canaldenuncies\/es\/canal-denuncias\/","title":{"rendered":"Canal denuncias"},"content":{"rendered":"<p>[et_pb_section fb_built=&#8221;1&#8243; _builder_version=&#8221;4.22.1&#8243; _module_preset=&#8221;default&#8221; background_color=&#8221;#AF272F&#8221; background_enable_image=&#8221;off&#8221; background_blend=&#8221;multiply&#8221; background_enable_pattern_style=&#8221;on&#8221; background_pattern_style=&#8221;scallops&#8221; background_pattern_size=&#8221;custom&#8221; background_pattern_width=&#8221;10px&#8221; background_pattern_height=&#8221;10px&#8221; global_module=&#8221;246296&#8243; saved_tabs=&#8221;all&#8221; global_colors_info=&#8221;{}&#8221;][et_pb_row _builder_version=&#8221;4.27.4&#8243; _module_preset=&#8221;default&#8221; module_alignment=&#8221;center&#8221; custom_margin=&#8221;|403px||auto||&#8221; custom_padding=&#8221;||3px|||&#8221; global_colors_info=&#8221;{}&#8221;][et_pb_column type=&#8221;4_4&#8243; _builder_version=&#8221;4.22.1&#8243; _module_preset=&#8221;default&#8221; global_colors_info=&#8221;{}&#8221;][et_pb_text module_class=&#8221;es-snippet&#8221; _builder_version=&#8221;4.23&#8243; _module_preset=&#8221;default&#8221; header_font=&#8221;|600||on|||||&#8221; header_6_text_align=&#8221;center&#8221; header_6_text_color=&#8221;#D98289&#8243; custom_margin=&#8221;||0px||false|false&#8221; custom_padding=&#8221;||0px||false|false&#8221; global_colors_info=&#8221;{}&#8221;]<\/p>\n<h6>Transparencia<\/h6>\n<p>[\/et_pb_text][et_pb_text module_class=&#8221;ca-snippet&#8221; _builder_version=&#8221;4.23&#8243; _module_preset=&#8221;default&#8221; header_font=&#8221;|600||on|||||&#8221; header_6_text_align=&#8221;center&#8221; header_6_text_color=&#8221;#D98289&#8243; custom_margin=&#8221;||0px||false|false&#8221; custom_padding=&#8221;||0px||false|false&#8221; global_colors_info=&#8221;{}&#8221;]<\/p>\n<h6>Transpar\u00e8ncia<\/h6>\n<p>[\/et_pb_text][et_pb_post_title meta=&#8221;off&#8221; featured_image=&#8221;off&#8221; _builder_version=&#8221;4.22.1&#8243; _module_preset=&#8221;default&#8221; title_font=&#8221;|||on|||||&#8221; title_text_color=&#8221;#FFFFFF&#8221; title_font_size=&#8221;42px&#8221; text_orientation=&#8221;center&#8221; custom_margin=&#8221;0px||0px||true|false&#8221; custom_padding=&#8221;0px||0px||true|false&#8221; global_colors_info=&#8221;{}&#8221;][\/et_pb_post_title][et_pb_text _builder_version=&#8221;4.27.4&#8243; _dynamic_attributes=&#8221;content&#8221; _module_preset=&#8221;default&#8221; text_text_color=&#8221;#FFFFFF&#8221; text_orientation=&#8221;center&#8221; width=&#8221;50%&#8221; width_tablet=&#8221;70%&#8221; width_phone=&#8221;90%&#8221; width_last_edited=&#8221;on|phone&#8221; module_alignment=&#8221;center&#8221; global_colors_info=&#8221;{}&#8221;]@ET-DC@eyJkeW5hbWljIjp0cnVlLCJjb250ZW50IjoicG9zdF9leGNlcnB0Iiwic2V0dGluZ3MiOnsiYmVmb3JlIjoiIiwiYWZ0ZXIiOiIiLCJ3b3JkcyI6IiIsInJlYWRfbW9yZV9sYWJlbCI6IiJ9fQ==@[\/et_pb_text][\/et_pb_column][\/et_pb_row][\/et_pb_section][et_pb_section fb_built=&#8221;1&#8243; _builder_version=&#8221;4.27.6&#8243; _module_preset=&#8221;default&#8221; global_colors_info=&#8221;{}&#8221;][et_pb_row column_structure=&#8221;1_2,1_2&#8243; make_equal=&#8221;on&#8221; _builder_version=&#8221;4.27.6&#8243; _module_preset=&#8221;default&#8221; global_colors_info=&#8221;{}&#8221;][et_pb_column type=&#8221;1_2&#8243; _builder_version=&#8221;4.27.6&#8243; _module_preset=&#8221;default&#8221; global_colors_info=&#8221;{}&#8221;][et_pb_text _builder_version=&#8221;4.27.6&#8243; _module_preset=&#8221;default&#8221; global_colors_info=&#8221;{}&#8221;]<em>(Canal \u00e9tico y de comunicaciones internas)<\/em><\/p>\n<p>El <strong>CUIMPB \u2013 Centro Ernest Lluch<\/strong> pone a disposici\u00f3n de todas las personas un <strong>Canal de denuncias<\/strong> con el fin de facilitar la comunicaci\u00f3n segura y confidencial de posibles irregularidades, infracciones normativas o conductas indebidas que puedan producirse en el seno de la organizaci\u00f3n.<\/p>\n<p>Este canal se ajusta a lo que establece la <strong>Ley 2\/2023, de protecci\u00f3n de las personas informantes<\/strong>, la <strong>Directiva (UE) 2019\/1937<\/strong> y la normativa vigente en materia de <strong>protecci\u00f3n de datos personales<\/strong>.[\/et_pb_text][\/et_pb_column][et_pb_column type=&#8221;1_2&#8243; _builder_version=&#8221;4.27.6&#8243; _module_preset=&#8221;default&#8221; global_colors_info=&#8221;{}&#8221;][et_pb_text _builder_version=&#8221;4.27.6&#8243; _module_preset=&#8221;default&#8221; positioning=&#8221;absolute&#8221; position_origin_a=&#8221;center_center&#8221; width=&#8221;100%&#8221; hover_enabled=&#8221;0&#8243; global_colors_info=&#8221;{}&#8221; sticky_enabled=&#8221;0&#8243;]                <div class=\"wbls-front-buttons-container\">\r\n                    <span class=\"wbls-new-case-button\">Presentar una denuncia<\/span>\r\n                    <span class=\"wbls-followup-button\">Seguir una denuncia<\/span>\r\n                    <span><\/span>\r\n                <\/div>\r\n                [\/et_pb_text][\/et_pb_column][\/et_pb_row][et_pb_row column_structure=&#8221;1_2,1_2&#8243; _builder_version=&#8221;4.27.6&#8243; _module_preset=&#8221;default&#8221; background_color=&#8221;#F2F2F2&#8243; custom_padding=&#8221;20px|20px|20px|20px|true|true&#8221; border_radii=&#8221;on|10px|10px|10px|10px&#8221; global_colors_info=&#8221;{}&#8221;][et_pb_column type=&#8221;1_2&#8243; _builder_version=&#8221;4.27.6&#8243; _module_preset=&#8221;default&#8221; global_colors_info=&#8221;{}&#8221;][et_pb_text _builder_version=&#8221;4.27.6&#8243; _module_preset=&#8221;default&#8221; custom_margin=&#8221;1px|||||&#8221; global_colors_info=&#8221;{}&#8221;]<\/p>\n<h5>\u00bfQui\u00e9n puede utilizar este canal?<\/h5>\n<p>Este canal puede ser utilizado por:<\/p>\n<ul>\n<li>Personal trabajador.<\/li>\n<li>Colaboradores\/as.<\/li>\n<li>Proveedores y contratistas.<\/li>\n<li>Antiguo personal.<\/li>\n<li>Cualquier tercera persona que tenga conocimiento de hechos relacionados con CUIMPB.<\/li>\n<\/ul>\n<p>[\/et_pb_text][\/et_pb_column][et_pb_column type=&#8221;1_2&#8243; _builder_version=&#8221;4.27.6&#8243; _module_preset=&#8221;default&#8221; global_colors_info=&#8221;{}&#8221;][et_pb_text _builder_version=&#8221;4.27.6&#8243; _module_preset=&#8221;default&#8221; global_colors_info=&#8221;{}&#8221;]<\/p>\n<h5>\u00bfQu\u00e9 comunicaciones se pueden hacer?<\/h5>\n<p>Mediante este canal se pueden comunicar, entre otros:<\/p>\n<ul>\n<li>Infracciones legales o normativas.<\/li>\n<li>Conductas contrarias a la \u00e9tica oa los principios de buena gobernanza.<\/li>\n<li>Irregularidades administrativas o econ\u00f3micas.<\/li>\n<li>Vulneraciones de derechos fundamentales.<\/li>\n<li>Cualquier hecho grave que pueda afectar al buen funcionamiento de la entidad.<\/li>\n<\/ul>\n<p>[\/et_pb_text][\/et_pb_column][\/et_pb_row][et_pb_row _builder_version=&#8221;4.27.6&#8243; _module_preset=&#8221;default&#8221; custom_padding=&#8221;0px|||||&#8221; global_colors_info=&#8221;{}&#8221;][et_pb_column type=&#8221;4_4&#8243; _builder_version=&#8221;4.27.6&#8243; _module_preset=&#8221;default&#8221; global_colors_info=&#8221;{}&#8221;][et_pb_text _builder_version=&#8221;4.27.6&#8243; _module_preset=&#8221;default&#8221; custom_margin=&#8221;1px|||||&#8221; global_colors_info=&#8221;{}&#8221;]<\/p>\n<p style=\"text-align: center;\">Este canal no sustituye a otros mecanismos administrativos o judiciales cuando sea procedente.<\/p>\n<p style=\"texto-align: center;\">\n<h5>Confidencialidad y anonimato<\/h5>\n<ul>\n<li>Las comunicaciones pueden hacerse <strong>de forma an\u00f3nima<\/strong>.<\/li>\n<li>Se garantiza la <strong>confidencialidad absoluta<\/strong> de la identidad de la persona informante, as\u00ed como de las personas afectadas.<\/li>\n<li>S\u00f3lo tendr\u00e1 acceso el <strong>personal autorizado<\/strong> responsable de la gesti\u00f3n del canal.<\/li>\n<\/ul>\n<h5>Procedimiento y seguimiento<\/h5>\n<ul>\n<li>Una vez enviada la comunicaci\u00f3n, se generar\u00e1 un <strong>c\u00f3digo de seguimiento<\/strong> que permitir\u00e1 a la persona informante consultar el estado de su comunicaci\u00f3n y, en su caso, mantener comunicaci\u00f3n con la persona o unidad gestora.<\/li>\n<li>La informaci\u00f3n se tratar\u00e1 con diligencia, imparcialidad y respeto a los derechos de todas las partes implicadas.<\/li>\n<li>Se dar\u00e1 respuesta en los <strong>terminos legalmente establecidos<\/strong>, siempre que las circunstancias lo permitan.<\/li>\n<\/ul>\n<h5>Tratamiento de datos personales<\/h5>\n<p>De conformidad con el <strong>Reglamento (UE) 2016\/679 (RGPD)<\/strong> y la <strong>LOPDGDD<\/strong>, los datos personales facilitados a trav\u00e9s del Canal de denuncias ser\u00e1n tratados exclusivamente con el fin de gestionar e investigar la comunicaci\u00f3n recibida.<\/p>\n<p style=\"padding-left: 40px;\"><strong>Responsable del tratamiento<\/strong><\/p>\n<p style=\"padding-left: 40px;\"><strong>CUIMPB \u2013 Centro Ernest Lluch<\/strong><br \/>\nNIF: <strong>P5800042C<\/strong><br \/>\nDomicilio: <strong>c\/ Montalegre, 5-7, 08001 Barcelona<\/strong><br \/>\nWeb: https:\/\/cuimpb.cat<\/p>\n<h5>Base jur\u00eddica<\/h5>\n<ul>\n<li>Cumplimiento de una <strong>obligaci\u00f3n legal<\/strong> (art. 6.1.c RGPD)<\/li>\n<li>Inter\u00e9s p\u00fablico y prevenci\u00f3n de infracciones (art. 6.1.e RGPD)<\/li>\n<\/ul>\n<h5>Conservaci\u00f3n de los datos<\/h5>\n<p>Los datos se conservar\u00e1n <strong>\u00fanicamente durante el tiempo imprescindible<\/strong> para la investigaci\u00f3n de los hechos y, en cualquier caso, de acuerdo con los plazos previstos en la normativa aplicable. Una vez finalizado el procedimiento, ser\u00e1n eliminadas o debidamente anonimizadas.<\/p>\n<h5>Derechos de las personas interesadas<\/h5>\n<p>Las personas interesadas pueden ejercitar los derechos de acceso, rectificaci\u00f3n, supresi\u00f3n, limitaci\u00f3n y oposici\u00f3n mediante solicitud escrita dirigida al responsable del tratamiento, sin perjuicio de las limitaciones que puedan ser aplicables por no comprometer la investigaci\u00f3n.<\/p>\n<h5>Uso responsable del canal<\/h5>\n<p>El uso del Canal de denuncias debe hacerse <strong>de buena fe<\/strong>. Las comunicaciones falsas, deliberadamente enga\u00f1osas o realizadas con mala fe pueden dar lugar a responsabilidades disciplinarias o legales.[\/et_pb_text][\/et_pb_column][\/et_pb_row][\/et_pb_section]<\/p>\n","protected":false},"excerpt":{"rendered":"<p>TransparenciaTranspar\u00e8ncia(Canal \u00e9tico y de comunicaciones internas) El CUIMPB \u2013 Centro Ernest Lluch pone a disposici\u00f3n de todas las personas un Canal de denuncias con el fin de facilitar la comunicaci\u00f3n segura y confidencial de posibles irregularidades, infracciones normativas o conductas indebidas que puedan producirse en el seno de la organizaci\u00f3n. Este canal se ajusta a [&hellip;]<\/p>\n","protected":false},"author":1,"featured_media":0,"parent":0,"menu_order":0,"comment_status":"closed","ping_status":"closed","template":"","meta":{"_et_pb_use_builder":"on","_et_pb_old_content":"","_et_gb_content_width":"","inline_featured_image":false,"footnotes":""},"class_list":["post-247287","page","type-page","status-publish","hentry"],"yoast_head":"<!-- This site is optimized with the Yoast SEO plugin v27.5 - https:\/\/yoast.com\/product\/yoast-seo-wordpress\/ -->\n<title>Canal denuncias - CUIMPB Canal den\u00fancies<\/title>\n<meta name=\"robots\" content=\"index, follow, max-snippet:-1, max-image-preview:large, max-video-preview:-1\" \/>\n<link rel=\"canonical\" href=\"https:\/\/transparencia.cuimpb.cat\/canaldenuncies\/es\/canal-denuncias\/\" \/>\n<meta property=\"og:locale\" content=\"ca_ES\" \/>\n<meta property=\"og:type\" content=\"article\" \/>\n<meta property=\"og:title\" content=\"Canal denuncias - CUIMPB Canal den\u00fancies\" \/>\n<meta property=\"og:description\" content=\"TransparenciaTranspar\u00e8ncia(Canal \u00e9tico y de comunicaciones internas) El CUIMPB \u2013 Centro Ernest Lluch pone a disposici\u00f3n de todas las personas un Canal de denuncias con el fin de facilitar la comunicaci\u00f3n segura y confidencial de posibles irregularidades, infracciones normativas o conductas indebidas que puedan producirse en el seno de la organizaci\u00f3n. Este canal se ajusta a [&hellip;]\" \/>\n<meta property=\"og:url\" content=\"https:\/\/transparencia.cuimpb.cat\/canaldenuncies\/es\/canal-denuncias\/\" \/>\n<meta property=\"og:site_name\" content=\"CUIMPB Canal den\u00fancies\" \/>\n<meta property=\"article:publisher\" content=\"https:\/\/www.facebook.com\/cuimpbcel\" \/>\n<meta property=\"article:modified_time\" content=\"2026-04-13T17:14:46+00:00\" \/>\n<meta name=\"twitter:card\" content=\"summary_large_image\" \/>\n<meta name=\"twitter:site\" content=\"@cuimpb1\" \/>\n<script type=\"application\/ld+json\" class=\"yoast-schema-graph\">{\"@context\":\"https:\\\/\\\/schema.org\",\"@graph\":[{\"@type\":\"WebPage\",\"@id\":\"https:\\\/\\\/transparencia.cuimpb.cat\\\/canaldenuncies\\\/es\\\/canal-denuncias\\\/\",\"url\":\"https:\\\/\\\/transparencia.cuimpb.cat\\\/canaldenuncies\\\/es\\\/canal-denuncias\\\/\",\"name\":\"Canal denuncias - CUIMPB Canal den\u00fancies\",\"isPartOf\":{\"@id\":\"https:\\\/\\\/transparencia.cuimpb.cat\\\/canaldenuncies\\\/#website\"},\"datePublished\":\"2026-04-13T16:31:35+00:00\",\"dateModified\":\"2026-04-13T17:14:46+00:00\",\"breadcrumb\":{\"@id\":\"https:\\\/\\\/transparencia.cuimpb.cat\\\/canaldenuncies\\\/es\\\/canal-denuncias\\\/#breadcrumb\"},\"inLanguage\":\"ca\",\"potentialAction\":[{\"@type\":\"ReadAction\",\"target\":[\"https:\\\/\\\/transparencia.cuimpb.cat\\\/canaldenuncies\\\/es\\\/canal-denuncias\\\/\"]}]},{\"@type\":\"BreadcrumbList\",\"@id\":\"https:\\\/\\\/transparencia.cuimpb.cat\\\/canaldenuncies\\\/es\\\/canal-denuncias\\\/#breadcrumb\",\"itemListElement\":[{\"@type\":\"ListItem\",\"position\":1,\"name\":\"Inici\",\"item\":\"https:\\\/\\\/transparencia.cuimpb.cat\\\/canaldenuncies\\\/\"},{\"@type\":\"ListItem\",\"position\":2,\"name\":\"Canal denuncias\"}]},{\"@type\":\"WebSite\",\"@id\":\"https:\\\/\\\/transparencia.cuimpb.cat\\\/canaldenuncies\\\/#website\",\"url\":\"https:\\\/\\\/transparencia.cuimpb.cat\\\/canaldenuncies\\\/\",\"name\":\"CUIMPB Canal den\u00fancies\",\"description\":\"CUIMPB Transpar\u00e8ncia\",\"publisher\":{\"@id\":\"https:\\\/\\\/transparencia.cuimpb.cat\\\/canaldenuncies\\\/#organization\"},\"potentialAction\":[{\"@type\":\"SearchAction\",\"target\":{\"@type\":\"EntryPoint\",\"urlTemplate\":\"https:\\\/\\\/transparencia.cuimpb.cat\\\/canaldenuncies\\\/?s={search_term_string}\"},\"query-input\":{\"@type\":\"PropertyValueSpecification\",\"valueRequired\":true,\"valueName\":\"search_term_string\"}}],\"inLanguage\":\"ca\"},{\"@type\":\"Organization\",\"@id\":\"https:\\\/\\\/transparencia.cuimpb.cat\\\/canaldenuncies\\\/#organization\",\"name\":\"CUIMPB Canal den\u00fancies\",\"url\":\"https:\\\/\\\/transparencia.cuimpb.cat\\\/canaldenuncies\\\/\",\"logo\":{\"@type\":\"ImageObject\",\"inLanguage\":\"ca\",\"@id\":\"https:\\\/\\\/transparencia.cuimpb.cat\\\/canaldenuncies\\\/#\\\/schema\\\/logo\\\/image\\\/\",\"url\":\"https:\\\/\\\/transparencia.cuimpb.cat\\\/canaldenuncies\\\/wp-content\\\/uploads\\\/2023\\\/05\\\/logo_cuimpb_vector.svg\",\"contentUrl\":\"https:\\\/\\\/transparencia.cuimpb.cat\\\/canaldenuncies\\\/wp-content\\\/uploads\\\/2023\\\/05\\\/logo_cuimpb_vector.svg\",\"width\":859,\"height\":253,\"caption\":\"CUIMPB Canal den\u00fancies\"},\"image\":{\"@id\":\"https:\\\/\\\/transparencia.cuimpb.cat\\\/canaldenuncies\\\/#\\\/schema\\\/logo\\\/image\\\/\"},\"sameAs\":[\"https:\\\/\\\/www.facebook.com\\\/cuimpbcel\",\"https:\\\/\\\/x.com\\\/cuimpb1\",\"https:\\\/\\\/vimeo.com\\\/user29783258\",\"https:\\\/\\\/www.youtube.com\\\/channel\\\/UCUhxxFjUsnORjiKAWpVl9_Q\"]}]}<\/script>\n<!-- \/ Yoast SEO plugin. -->","yoast_head_json":{"title":"Canal denuncias - CUIMPB Canal den\u00fancies","robots":{"index":"index","follow":"follow","max-snippet":"max-snippet:-1","max-image-preview":"max-image-preview:large","max-video-preview":"max-video-preview:-1"},"canonical":"https:\/\/transparencia.cuimpb.cat\/canaldenuncies\/es\/canal-denuncias\/","og_locale":"ca_ES","og_type":"article","og_title":"Canal denuncias - CUIMPB Canal den\u00fancies","og_description":"TransparenciaTranspar\u00e8ncia(Canal \u00e9tico y de comunicaciones internas) El CUIMPB \u2013 Centro Ernest Lluch pone a disposici\u00f3n de todas las personas un Canal de denuncias con el fin de facilitar la comunicaci\u00f3n segura y confidencial de posibles irregularidades, infracciones normativas o conductas indebidas que puedan producirse en el seno de la organizaci\u00f3n. Este canal se ajusta a [&hellip;]","og_url":"https:\/\/transparencia.cuimpb.cat\/canaldenuncies\/es\/canal-denuncias\/","og_site_name":"CUIMPB Canal den\u00fancies","article_publisher":"https:\/\/www.facebook.com\/cuimpbcel","article_modified_time":"2026-04-13T17:14:46+00:00","twitter_card":"summary_large_image","twitter_site":"@cuimpb1","schema":{"@context":"https:\/\/schema.org","@graph":[{"@type":"WebPage","@id":"https:\/\/transparencia.cuimpb.cat\/canaldenuncies\/es\/canal-denuncias\/","url":"https:\/\/transparencia.cuimpb.cat\/canaldenuncies\/es\/canal-denuncias\/","name":"Canal denuncias - CUIMPB Canal den\u00fancies","isPartOf":{"@id":"https:\/\/transparencia.cuimpb.cat\/canaldenuncies\/#website"},"datePublished":"2026-04-13T16:31:35+00:00","dateModified":"2026-04-13T17:14:46+00:00","breadcrumb":{"@id":"https:\/\/transparencia.cuimpb.cat\/canaldenuncies\/es\/canal-denuncias\/#breadcrumb"},"inLanguage":"ca","potentialAction":[{"@type":"ReadAction","target":["https:\/\/transparencia.cuimpb.cat\/canaldenuncies\/es\/canal-denuncias\/"]}]},{"@type":"BreadcrumbList","@id":"https:\/\/transparencia.cuimpb.cat\/canaldenuncies\/es\/canal-denuncias\/#breadcrumb","itemListElement":[{"@type":"ListItem","position":1,"name":"Inici","item":"https:\/\/transparencia.cuimpb.cat\/canaldenuncies\/"},{"@type":"ListItem","position":2,"name":"Canal denuncias"}]},{"@type":"WebSite","@id":"https:\/\/transparencia.cuimpb.cat\/canaldenuncies\/#website","url":"https:\/\/transparencia.cuimpb.cat\/canaldenuncies\/","name":"CUIMPB Canal den\u00fancies","description":"CUIMPB Transpar\u00e8ncia","publisher":{"@id":"https:\/\/transparencia.cuimpb.cat\/canaldenuncies\/#organization"},"potentialAction":[{"@type":"SearchAction","target":{"@type":"EntryPoint","urlTemplate":"https:\/\/transparencia.cuimpb.cat\/canaldenuncies\/?s={search_term_string}"},"query-input":{"@type":"PropertyValueSpecification","valueRequired":true,"valueName":"search_term_string"}}],"inLanguage":"ca"},{"@type":"Organization","@id":"https:\/\/transparencia.cuimpb.cat\/canaldenuncies\/#organization","name":"CUIMPB Canal den\u00fancies","url":"https:\/\/transparencia.cuimpb.cat\/canaldenuncies\/","logo":{"@type":"ImageObject","inLanguage":"ca","@id":"https:\/\/transparencia.cuimpb.cat\/canaldenuncies\/#\/schema\/logo\/image\/","url":"https:\/\/transparencia.cuimpb.cat\/canaldenuncies\/wp-content\/uploads\/2023\/05\/logo_cuimpb_vector.svg","contentUrl":"https:\/\/transparencia.cuimpb.cat\/canaldenuncies\/wp-content\/uploads\/2023\/05\/logo_cuimpb_vector.svg","width":859,"height":253,"caption":"CUIMPB Canal den\u00fancies"},"image":{"@id":"https:\/\/transparencia.cuimpb.cat\/canaldenuncies\/#\/schema\/logo\/image\/"},"sameAs":["https:\/\/www.facebook.com\/cuimpbcel","https:\/\/x.com\/cuimpb1","https:\/\/vimeo.com\/user29783258","https:\/\/www.youtube.com\/channel\/UCUhxxFjUsnORjiKAWpVl9_Q"]}]}},"_links":{"self":[{"href":"https:\/\/transparencia.cuimpb.cat\/canaldenuncies\/wp-json\/wp\/v2\/pages\/247287","targetHints":{"allow":["GET"]}}],"collection":[{"href":"https:\/\/transparencia.cuimpb.cat\/canaldenuncies\/wp-json\/wp\/v2\/pages"}],"about":[{"href":"https:\/\/transparencia.cuimpb.cat\/canaldenuncies\/wp-json\/wp\/v2\/types\/page"}],"author":[{"embeddable":true,"href":"https:\/\/transparencia.cuimpb.cat\/canaldenuncies\/wp-json\/wp\/v2\/users\/1"}],"replies":[{"embeddable":true,"href":"https:\/\/transparencia.cuimpb.cat\/canaldenuncies\/wp-json\/wp\/v2\/comments?post=247287"}],"version-history":[{"count":6,"href":"https:\/\/transparencia.cuimpb.cat\/canaldenuncies\/wp-json\/wp\/v2\/pages\/247287\/revisions"}],"predecessor-version":[{"id":247302,"href":"https:\/\/transparencia.cuimpb.cat\/canaldenuncies\/wp-json\/wp\/v2\/pages\/247287\/revisions\/247302"}],"wp:attachment":[{"href":"https:\/\/transparencia.cuimpb.cat\/canaldenuncies\/wp-json\/wp\/v2\/media?parent=247287"}],"curies":[{"name":"wp","href":"https:\/\/api.w.org\/{rel}","templated":true}]}}